{"id":637,"date":"2016-07-16T19:20:28","date_gmt":"2016-07-16T19:20:28","guid":{"rendered":"http:\/\/kunzli.ch\/accueil\/?page_id=637"},"modified":"2024-03-12T09:01:44","modified_gmt":"2024-03-12T09:01:44","slug":"interventiondurgence-77","status":"publish","type":"page","link":"https:\/\/kunzli.ch\/accueil\/interventiondurgence-77\/","title":{"rendered":"INTERVENTION<br>D\u2019URGENCE 7\/7"},"content":{"rendered":"<h2>Interventions d\u2019urgence 24\/7<\/h2>\n<p>Dans les situations d\u2019extr\u00eame urgence, vous pouvez compter sur nous 7 jours sur 7, 24 heures sur 24 et ce 365 jours par an\u00a0! En cas d\u2019inondation, d\u2019incendie, de catastrophe naturelle ou de pollution, nos professionnels sp\u00e9cialement form\u00e9s seront \u00e0 vos c\u00f4t\u00e9s et totalement \u00e0 votre service.<\/p>\n<p>KUNZLI est de longue date un partenaire reconnu des (DCH) D\u00e9fense contre hydrocarbures et des pompiers. Nous intervenons partout en Suisse romande et assurons aussi l\u2019\u00e9vacuation des d\u00e9chets sp\u00e9ciaux et toxiques selon l\u2019OMoD. Certifi\u00e9s ISO, nous garantissons des prestations de qualit\u00e9 et respectueuses des milieux naturels, notre pr\u00e9occupation premi\u00e8re depuis 1963 !<\/p>\n","protected":false},"excerpt":{"rendered":"Interventions d\u2019urgence 24\/7 Dans les situations d\u2019extr\u00eame urgence, vous pouvez compter sur nous 7 jours sur 7, 24 heures sur 24 et ce 365 jours par an\u00a0! En cas d\u2019inondation, d\u2019incendie, de catastrophe naturelle ou de pollution, nos professionnels sp\u00e9cialement form\u00e9s seront \u00e0 vos c\u00f4t\u00e9s et totalement \u00e0 votre service. KUNZLI est de longue date&#8230; <a class=\"view-article\" href=\"https:\/\/kunzli.ch\/accueil\/interventiondurgence-77\/\"><\/a>","protected":false},"author":1,"featured_media":0,"parent":0,"menu_order":0,"comment_status":"closed","ping_status":"closed","template":"page-collectivites.php","meta":{"_acf_changed":false,"footnotes":""},"class_list":["post-637","page","type-page","status-publish","hentry"],"acf":[],"_links":{"self":[{"href":"https:\/\/kunzli.ch\/accueil\/wp-json\/wp\/v2\/pages\/637","targetHints":{"allow":["GET"]}}],"collection":[{"href":"https:\/\/kunzli.ch\/accueil\/wp-json\/wp\/v2\/pages"}],"about":[{"href":"https:\/\/kunzli.ch\/accueil\/wp-json\/wp\/v2\/types\/page"}],"author":[{"embeddable":true,"href":"https:\/\/kunzli.ch\/accueil\/wp-json\/wp\/v2\/users\/1"}],"replies":[{"embeddable":true,"href":"https:\/\/kunzli.ch\/accueil\/wp-json\/wp\/v2\/comments?post=637"}],"version-history":[{"count":7,"href":"https:\/\/kunzli.ch\/accueil\/wp-json\/wp\/v2\/pages\/637\/revisions"}],"predecessor-version":[{"id":794,"href":"https:\/\/kunzli.ch\/accueil\/wp-json\/wp\/v2\/pages\/637\/revisions\/794"}],"wp:attachment":[{"href":"https:\/\/kunzli.ch\/accueil\/wp-json\/wp\/v2\/media?parent=637"}],"curies":[{"name":"wp","href":"https:\/\/api.w.org\/{rel}","templated":true}]}}