{"id":630,"date":"2016-07-16T19:15:57","date_gmt":"2016-07-16T19:15:57","guid":{"rendered":"http:\/\/kunzli.ch\/accueil\/?page_id=630"},"modified":"2024-03-11T17:42:05","modified_gmt":"2024-03-11T17:42:05","slug":"interventions-speciales","status":"publish","type":"page","link":"https:\/\/kunzli.ch\/accueil\/interventions-speciales\/","title":{"rendered":"INTERVENTIONS <br>SP\u00e9CIALES"},"content":{"rendered":"<h2>Interventions lacustres et h\u00e9liport\u00e9es<\/h2>\n<p>Nous intervenons partout en Suisse romande, m\u00eame dans les endroits particuli\u00e8rement difficiles d\u2019acc\u00e8s\u00a0: dans les galeries et tunnels, parkings souterrains et locaux techniques, sur le lac et le long des rives, mais \u00e9galement en montagne par h\u00e9liportage.<\/p>\n<p>A l\u2019aide de v\u00e9hicules et \u00e9quipements tout-terrain, nos \u00e9quipes sp\u00e9cialement form\u00e9es assurent tous vos travaux d\u2019assainissement et d\u2019hygi\u00e8ne publique, du curage au drainage des canalisations, l\u2019entretien de vos r\u00e9seaux d\u2019\u00e9vacuation, les vidanges d\u2019ouvrages sp\u00e9ciaux. Lors de situation d\u2019urgence ou de catastrophe, nos professionnels chevronn\u00e9s interviennent 24h sur 24 et 365 jours par an.<\/p>\n","protected":false},"excerpt":{"rendered":"Interventions lacustres et h\u00e9liport\u00e9es Nous intervenons partout en Suisse romande, m\u00eame dans les endroits particuli\u00e8rement difficiles d\u2019acc\u00e8s\u00a0: dans les galeries et tunnels, parkings souterrains et locaux techniques, sur le lac et le long des rives, mais \u00e9galement en montagne par h\u00e9liportage. A l\u2019aide de v\u00e9hicules et \u00e9quipements tout-terrain, nos \u00e9quipes sp\u00e9cialement form\u00e9es assurent tous vos&#8230; <a class=\"view-article\" href=\"https:\/\/kunzli.ch\/accueil\/interventions-speciales\/\"><\/a>","protected":false},"author":1,"featured_media":0,"parent":0,"menu_order":0,"comment_status":"closed","ping_status":"closed","template":"page-collectivites.php","meta":{"_acf_changed":false,"footnotes":""},"class_list":["post-630","page","type-page","status-publish","hentry"],"acf":[],"_links":{"self":[{"href":"https:\/\/kunzli.ch\/accueil\/wp-json\/wp\/v2\/pages\/630","targetHints":{"allow":["GET"]}}],"collection":[{"href":"https:\/\/kunzli.ch\/accueil\/wp-json\/wp\/v2\/pages"}],"about":[{"href":"https:\/\/kunzli.ch\/accueil\/wp-json\/wp\/v2\/types\/page"}],"author":[{"embeddable":true,"href":"https:\/\/kunzli.ch\/accueil\/wp-json\/wp\/v2\/users\/1"}],"replies":[{"embeddable":true,"href":"https:\/\/kunzli.ch\/accueil\/wp-json\/wp\/v2\/comments?post=630"}],"version-history":[{"count":3,"href":"https:\/\/kunzli.ch\/accueil\/wp-json\/wp\/v2\/pages\/630\/revisions"}],"predecessor-version":[{"id":775,"href":"https:\/\/kunzli.ch\/accueil\/wp-json\/wp\/v2\/pages\/630\/revisions\/775"}],"wp:attachment":[{"href":"https:\/\/kunzli.ch\/accueil\/wp-json\/wp\/v2\/media?parent=630"}],"curies":[{"name":"wp","href":"https:\/\/api.w.org\/{rel}","templated":true}]}}