{"id":624,"date":"2016-07-16T19:03:45","date_gmt":"2016-07-16T19:03:45","guid":{"rendered":"http:\/\/kunzli.ch\/accueil\/?page_id=624"},"modified":"2024-03-12T09:00:32","modified_gmt":"2024-03-12T09:00:32","slug":"desinfectionreservoir-deau","status":"publish","type":"page","link":"https:\/\/kunzli.ch\/accueil\/desinfectionreservoir-deau\/","title":{"rendered":"D\u00e9SINFECTION<br>R\u00e9SERVOIR D\u2019EAU"},"content":{"rendered":"<h2>D\u00e9sinfection de r\u00e9servoirs d\u2019eau potable<\/h2>\n<p>Une eau potable irr\u00e9prochable sur le plan sanitaire n\u00e9cessite une d\u00e9sinfection des r\u00e9servoirs d\u2019eau totalement respectueuse des normes de s\u00e9curit\u00e9. Avec KUNZLI, vous avez la garantie de pouvoir compter sur des professionnels fiables, exp\u00e9riment\u00e9s et \u00e9quip\u00e9s des derni\u00e8res techniques dans le secteur alimentaire.<\/p>\n<p>Nos sp\u00e9cialistes vous renseignent volontiers sur les avantages de nos proc\u00e9d\u00e9s de d\u00e9sinfection. Le lavage d\u00e9sinfectant \u00e0 haute pression pour l\u2019entretien des espaces publics et communautaires est reconnu. Nous favorisons les techniques avant-gardistes et respectueuses de notre environnement car il en va de la qualit\u00e9 de vie des futures g\u00e9n\u00e9rations.<\/p>\n","protected":false},"excerpt":{"rendered":"D\u00e9sinfection de r\u00e9servoirs d\u2019eau potable Une eau potable irr\u00e9prochable sur le plan sanitaire n\u00e9cessite une d\u00e9sinfection des r\u00e9servoirs d\u2019eau totalement respectueuse des normes de s\u00e9curit\u00e9. Avec KUNZLI, vous avez la garantie de pouvoir compter sur des professionnels fiables, exp\u00e9riment\u00e9s et \u00e9quip\u00e9s des derni\u00e8res techniques dans le secteur alimentaire. Nos sp\u00e9cialistes vous renseignent volontiers sur les&#8230; <a class=\"view-article\" href=\"https:\/\/kunzli.ch\/accueil\/desinfectionreservoir-deau\/\"><\/a>","protected":false},"author":1,"featured_media":0,"parent":0,"menu_order":0,"comment_status":"closed","ping_status":"closed","template":"page-collectivites.php","meta":{"_acf_changed":false,"footnotes":""},"class_list":["post-624","page","type-page","status-publish","hentry"],"acf":[],"_links":{"self":[{"href":"https:\/\/kunzli.ch\/accueil\/wp-json\/wp\/v2\/pages\/624","targetHints":{"allow":["GET"]}}],"collection":[{"href":"https:\/\/kunzli.ch\/accueil\/wp-json\/wp\/v2\/pages"}],"about":[{"href":"https:\/\/kunzli.ch\/accueil\/wp-json\/wp\/v2\/types\/page"}],"author":[{"embeddable":true,"href":"https:\/\/kunzli.ch\/accueil\/wp-json\/wp\/v2\/users\/1"}],"replies":[{"embeddable":true,"href":"https:\/\/kunzli.ch\/accueil\/wp-json\/wp\/v2\/comments?post=624"}],"version-history":[{"count":3,"href":"https:\/\/kunzli.ch\/accueil\/wp-json\/wp\/v2\/pages\/624\/revisions"}],"predecessor-version":[{"id":792,"href":"https:\/\/kunzli.ch\/accueil\/wp-json\/wp\/v2\/pages\/624\/revisions\/792"}],"wp:attachment":[{"href":"https:\/\/kunzli.ch\/accueil\/wp-json\/wp\/v2\/media?parent=624"}],"curies":[{"name":"wp","href":"https:\/\/api.w.org\/{rel}","templated":true}]}}