{"id":617,"date":"2016-07-16T18:59:48","date_gmt":"2016-07-16T18:59:48","guid":{"rendered":"http:\/\/kunzli.ch\/accueil\/?page_id=617"},"modified":"2024-03-07T09:46:03","modified_gmt":"2024-03-07T09:46:03","slug":"deshydratation-de-boues","status":"publish","type":"page","link":"https:\/\/kunzli.ch\/accueil\/deshydratation-de-boues\/","title":{"rendered":"D\u00e9SHYDRATATION <br>DE BOUES"},"content":{"rendered":"<h2>D\u00e9shydratation de boues d\u2019\u00e9puration<\/h2>\n<p>Nous sommes des acteurs majeurs de la fili\u00e8re des travaux de curage et nettoyage en passant par la vidange, le transport des boues et des r\u00e9sidus, puis leur traitement dans notre Centre de gestion environnementale CGE. Ce dernier est sp\u00e9cialis\u00e9 dans le recyclage des d\u00e9chets sp\u00e9ciaux \u00e9manant des collectivit\u00e9s publiques et des industries.<\/p>\n<p>Gr\u00e2ce \u00e0 nos installations performantes, nous traitons les boues d\u2019\u00e9puration par centrifugation, un proc\u00e9d\u00e9 totalement respectueux de l\u2019environnement. Par cette valorisation des r\u00e9sidus, nous contribuons au d\u00e9veloppement durable. Nous sommes aussi impliqu\u00e9s dans la recherche de nouveaux proc\u00e9d\u00e9s d\u2019\u00e9puration des eaux et le d\u00e9veloppement de brevets.<\/p>\n","protected":false},"excerpt":{"rendered":"D\u00e9shydratation de boues d\u2019\u00e9puration Nous sommes des acteurs majeurs de la fili\u00e8re des travaux de curage et nettoyage en passant par la vidange, le transport des boues et des r\u00e9sidus, puis leur traitement dans notre Centre de gestion environnementale CGE. Ce dernier est sp\u00e9cialis\u00e9 dans le recyclage des d\u00e9chets sp\u00e9ciaux \u00e9manant des collectivit\u00e9s publiques et&#8230; <a class=\"view-article\" href=\"https:\/\/kunzli.ch\/accueil\/deshydratation-de-boues\/\"><\/a>","protected":false},"author":1,"featured_media":0,"parent":0,"menu_order":0,"comment_status":"closed","ping_status":"closed","template":"page-collectivites.php","meta":{"_acf_changed":false,"footnotes":""},"class_list":["post-617","page","type-page","status-publish","hentry"],"acf":[],"_links":{"self":[{"href":"https:\/\/kunzli.ch\/accueil\/wp-json\/wp\/v2\/pages\/617","targetHints":{"allow":["GET"]}}],"collection":[{"href":"https:\/\/kunzli.ch\/accueil\/wp-json\/wp\/v2\/pages"}],"about":[{"href":"https:\/\/kunzli.ch\/accueil\/wp-json\/wp\/v2\/types\/page"}],"author":[{"embeddable":true,"href":"https:\/\/kunzli.ch\/accueil\/wp-json\/wp\/v2\/users\/1"}],"replies":[{"embeddable":true,"href":"https:\/\/kunzli.ch\/accueil\/wp-json\/wp\/v2\/comments?post=617"}],"version-history":[{"count":3,"href":"https:\/\/kunzli.ch\/accueil\/wp-json\/wp\/v2\/pages\/617\/revisions"}],"predecessor-version":[{"id":735,"href":"https:\/\/kunzli.ch\/accueil\/wp-json\/wp\/v2\/pages\/617\/revisions\/735"}],"wp:attachment":[{"href":"https:\/\/kunzli.ch\/accueil\/wp-json\/wp\/v2\/media?parent=617"}],"curies":[{"name":"wp","href":"https:\/\/api.w.org\/{rel}","templated":true}]}}