{"id":609,"date":"2016-07-16T14:45:37","date_gmt":"2016-07-16T14:45:37","guid":{"rendered":"http:\/\/kunzli.ch\/accueil\/?page_id=609"},"modified":"2024-03-11T18:14:44","modified_gmt":"2024-03-11T18:14:44","slug":"nettoyagedes-containers","status":"publish","type":"page","link":"https:\/\/kunzli.ch\/accueil\/nettoyagedes-containers\/","title":{"rendered":"NETTOYAGE<br>DES CONTAINERS"},"content":{"rendered":"<h2>Nettoyage des containers collectifs<\/h2>\n<p>Leader en mati\u00e8re d\u2019hygi\u00e8ne, nous entretenons les espaces publics et communautaires \u00e0 l\u2019aide d\u2019installations \u00e0 haute pression ultra-performantes.<\/p>\n<p>Nous proposons des contrats de maintenance avantageux pour le nettoyage et la d\u00e9sinfection de vos containers collectifs de d\u00e9chets.<\/p>\n<p>Nous assurons aussi le lavage d\u00e9sinfectant \u00e0 l&rsquo;eau chaude de vos containers semi-enterr\u00e9s. Notre nouvelle superstructure dot\u00e9e d\u2019une grue de 8 tonnes\/m\u00e8tre est mont\u00e9e sur un camion citerne de 9 m3. Elle nous permet de r\u00e9cup\u00e9rer les eaux r\u00e9siduaires naus\u00e9abondes, puis de les acheminer au centre preneur pour leur traitement.<\/p>\n","protected":false},"excerpt":{"rendered":"Nettoyage des containers collectifs Leader en mati\u00e8re d\u2019hygi\u00e8ne, nous entretenons les espaces publics et communautaires \u00e0 l\u2019aide d\u2019installations \u00e0 haute pression ultra-performantes. Nous proposons des contrats de maintenance avantageux pour le nettoyage et la d\u00e9sinfection de vos containers collectifs de d\u00e9chets. Nous assurons aussi le lavage d\u00e9sinfectant \u00e0 l&rsquo;eau chaude de vos containers semi-enterr\u00e9s. Notre&#8230; <a class=\"view-article\" href=\"https:\/\/kunzli.ch\/accueil\/nettoyagedes-containers\/\"><\/a>","protected":false},"author":1,"featured_media":0,"parent":0,"menu_order":0,"comment_status":"closed","ping_status":"closed","template":"page-collectivites.php","meta":{"_acf_changed":false,"footnotes":""},"class_list":["post-609","page","type-page","status-publish","hentry"],"acf":[],"_links":{"self":[{"href":"https:\/\/kunzli.ch\/accueil\/wp-json\/wp\/v2\/pages\/609","targetHints":{"allow":["GET"]}}],"collection":[{"href":"https:\/\/kunzli.ch\/accueil\/wp-json\/wp\/v2\/pages"}],"about":[{"href":"https:\/\/kunzli.ch\/accueil\/wp-json\/wp\/v2\/types\/page"}],"author":[{"embeddable":true,"href":"https:\/\/kunzli.ch\/accueil\/wp-json\/wp\/v2\/users\/1"}],"replies":[{"embeddable":true,"href":"https:\/\/kunzli.ch\/accueil\/wp-json\/wp\/v2\/comments?post=609"}],"version-history":[{"count":6,"href":"https:\/\/kunzli.ch\/accueil\/wp-json\/wp\/v2\/pages\/609\/revisions"}],"predecessor-version":[{"id":784,"href":"https:\/\/kunzli.ch\/accueil\/wp-json\/wp\/v2\/pages\/609\/revisions\/784"}],"wp:attachment":[{"href":"https:\/\/kunzli.ch\/accueil\/wp-json\/wp\/v2\/media?parent=609"}],"curies":[{"name":"wp","href":"https:\/\/api.w.org\/{rel}","templated":true}]}}