{"id":596,"date":"2016-07-16T14:22:31","date_gmt":"2016-07-16T14:22:31","guid":{"rendered":"http:\/\/kunzli.ch\/accueil\/?page_id=596"},"modified":"2024-03-12T08:59:56","modified_gmt":"2024-03-12T08:59:56","slug":"vidange-de-bacs-dhuiles-usees","status":"publish","type":"page","link":"https:\/\/kunzli.ch\/accueil\/vidange-de-bacs-dhuiles-usees\/","title":{"rendered":"VIDANGE DE BACS <br>D\u2019HUILES US\u00e9ES"},"content":{"rendered":"<h2>Vidange de s\u00e9parateurs et bacs<br \/>\nd\u2019huiles us\u00e9es<\/h2>\n<p>Au service des collectivit\u00e9s et communes depuis 1963, KUNZLI vous garantit des prestations de qualit\u00e9 pour la vidange des bacs d\u2019huiles us\u00e9es ainsi que pour l\u2019entretien des s\u00e9parateurs d\u2019hydrocarbures. Nos sp\u00e9cialistes certifi\u00e9s sont \u00e0 votre disposition pour vous conseiller en mati\u00e8re de maintenance ou d&rsquo;intervention dans les situations d\u2019urgence dans toute la Suisse romande.<\/p>\n<p>En portant votre choix sur notre entreprise, vous vous assurez que les prestations de v\u00e9hicules et des services sont fournies par des \u00e9quipements \u00e0 la pointe de la technologie. Fid\u00e8les \u00e0 notre philosophie d\u2019entreprise, nous oeuvrons de mani\u00e8re responsable pour pr\u00e9server la qualit\u00e9 de vie dans notre r\u00e9gion.<\/p>\n","protected":false},"excerpt":{"rendered":"Vidange de s\u00e9parateurs et bacs d\u2019huiles us\u00e9es Au service des collectivit\u00e9s et communes depuis 1963, KUNZLI vous garantit des prestations de qualit\u00e9 pour la vidange des bacs d\u2019huiles us\u00e9es ainsi que pour l\u2019entretien des s\u00e9parateurs d\u2019hydrocarbures. Nos sp\u00e9cialistes certifi\u00e9s sont \u00e0 votre disposition pour vous conseiller en mati\u00e8re de maintenance ou d&rsquo;intervention dans les situations&#8230; <a class=\"view-article\" href=\"https:\/\/kunzli.ch\/accueil\/vidange-de-bacs-dhuiles-usees\/\"><\/a>","protected":false},"author":1,"featured_media":0,"parent":0,"menu_order":0,"comment_status":"closed","ping_status":"closed","template":"page-collectivites.php","meta":{"_acf_changed":false,"footnotes":""},"class_list":["post-596","page","type-page","status-publish","hentry"],"acf":[],"_links":{"self":[{"href":"https:\/\/kunzli.ch\/accueil\/wp-json\/wp\/v2\/pages\/596","targetHints":{"allow":["GET"]}}],"collection":[{"href":"https:\/\/kunzli.ch\/accueil\/wp-json\/wp\/v2\/pages"}],"about":[{"href":"https:\/\/kunzli.ch\/accueil\/wp-json\/wp\/v2\/types\/page"}],"author":[{"embeddable":true,"href":"https:\/\/kunzli.ch\/accueil\/wp-json\/wp\/v2\/users\/1"}],"replies":[{"embeddable":true,"href":"https:\/\/kunzli.ch\/accueil\/wp-json\/wp\/v2\/comments?post=596"}],"version-history":[{"count":5,"href":"https:\/\/kunzli.ch\/accueil\/wp-json\/wp\/v2\/pages\/596\/revisions"}],"predecessor-version":[{"id":791,"href":"https:\/\/kunzli.ch\/accueil\/wp-json\/wp\/v2\/pages\/596\/revisions\/791"}],"wp:attachment":[{"href":"https:\/\/kunzli.ch\/accueil\/wp-json\/wp\/v2\/media?parent=596"}],"curies":[{"name":"wp","href":"https:\/\/api.w.org\/{rel}","templated":true}]}}