{"id":507,"date":"2016-07-13T05:16:37","date_gmt":"2016-07-13T05:16:37","guid":{"rendered":"http:\/\/kunzli.ch\/accueil\/?page_id=507"},"modified":"2024-03-12T08:56:10","modified_gmt":"2024-03-12T08:56:10","slug":"vidange-et-nettoyage-dinstallations-depurations","status":"publish","type":"page","link":"https:\/\/kunzli.ch\/accueil\/vidange-et-nettoyage-dinstallations-depurations\/","title":{"rendered":"VIDANGE ET NETTOYAGE <br>D\u2019INSTALLATIONS D\u2019\u00e9PURATIONS"},"content":{"rendered":"<h2>Vidange et nettoyage d\u2019installations<\/h2>\n<p>Que vous soyez un particulier ou une g\u00e9rance immobili\u00e8re, nous intervenons dans toute la Suisse romande : pour l\u2019entretien r\u00e9gulier de vos installations pour garantir leur long\u00e9vit\u00e9, lors d\u2019une obstruction de canalisation, une inondation, lors d\u2019un incendie ou des d\u00e9g\u00e2ts naturels.<\/p>\n<p>Avec KUNZLI, vous vous assurez les services du professionnel offrant le meilleur rapport qualit\u00e9\/prix ainsi que des prestations toujours \u00e0 la pointe des derni\u00e8res technologies. Nos sp\u00e9cialistes exp\u00e9riment\u00e9s sont \u00e0 votre service pour vous renseigner et vous conseiller.<\/p>\n","protected":false},"excerpt":{"rendered":"Vidange et nettoyage d\u2019installations Que vous soyez un particulier ou une g\u00e9rance immobili\u00e8re, nous intervenons dans toute la Suisse romande : pour l\u2019entretien r\u00e9gulier de vos installations pour garantir leur long\u00e9vit\u00e9, lors d\u2019une obstruction de canalisation, une inondation, lors d\u2019un incendie ou des d\u00e9g\u00e2ts naturels. Avec KUNZLI, vous vous assurez les services du professionnel offrant&#8230; <a class=\"view-article\" href=\"https:\/\/kunzli.ch\/accueil\/vidange-et-nettoyage-dinstallations-depurations\/\"><\/a>","protected":false},"author":1,"featured_media":0,"parent":0,"menu_order":0,"comment_status":"closed","ping_status":"closed","template":"page-clients-prives.php","meta":{"_acf_changed":false,"footnotes":""},"class_list":["post-507","page","type-page","status-publish","hentry"],"acf":[],"_links":{"self":[{"href":"https:\/\/kunzli.ch\/accueil\/wp-json\/wp\/v2\/pages\/507","targetHints":{"allow":["GET"]}}],"collection":[{"href":"https:\/\/kunzli.ch\/accueil\/wp-json\/wp\/v2\/pages"}],"about":[{"href":"https:\/\/kunzli.ch\/accueil\/wp-json\/wp\/v2\/types\/page"}],"author":[{"embeddable":true,"href":"https:\/\/kunzli.ch\/accueil\/wp-json\/wp\/v2\/users\/1"}],"replies":[{"embeddable":true,"href":"https:\/\/kunzli.ch\/accueil\/wp-json\/wp\/v2\/comments?post=507"}],"version-history":[{"count":16,"href":"https:\/\/kunzli.ch\/accueil\/wp-json\/wp\/v2\/pages\/507\/revisions"}],"predecessor-version":[{"id":786,"href":"https:\/\/kunzli.ch\/accueil\/wp-json\/wp\/v2\/pages\/507\/revisions\/786"}],"wp:attachment":[{"href":"https:\/\/kunzli.ch\/accueil\/wp-json\/wp\/v2\/media?parent=507"}],"curies":[{"name":"wp","href":"https:\/\/api.w.org\/{rel}","templated":true}]}}